{"id":3096,"date":"2022-10-23T22:00:29","date_gmt":"2022-10-24T01:00:29","guid":{"rendered":"http:\/\/novosertao.web10f03.kinghost.net\/?page_id=3096"},"modified":"2023-09-10T16:33:52","modified_gmt":"2023-09-10T19:33:52","slug":"contato","status":"publish","type":"page","link":"https:\/\/www.novosertao.org.br\/en\/contato\/","title":{"rendered":"Contact"},"content":{"rendered":"<div data-elementor-type=\"wp-page\" data-elementor-id=\"3096\" class=\"elementor elementor-3096\" data-elementor-post-type=\"page\">\n\t\t\t\t\t\t<section class=\"elementor-section elementor-top-section elementor-element elementor-element-55598ed elementor-section-full_width elementor-section-height-default elementor-section-height-default\" data-id=\"55598ed\" data-element_type=\"section\" data-e-type=\"section\" data-settings=\"{&quot;ekit_has_onepagescroll_dot&quot;:&quot;yes&quot;}\">\n\t\t\t\t\t\t\t<div class=\"elementor-background-overlay\"><\/div>\n\t\t\t\t\t\t\t<div class=\"elementor-container elementor-column-gap-no\">\n\t\t\t\t\t<div class=\"elementor-column elementor-col-100 elementor-top-column elementor-element elementor-element-b6ea009\" data-id=\"b6ea009\" data-element_type=\"column\" data-e-type=\"column\">\n\t\t\t<div class=\"elementor-widget-wrap elementor-element-populated\">\n\t\t\t\t\t\t<div class=\"elementor-element elementor-element-d132ab8 elementor--v-position-bottom elementor--h-position-center elementor-arrows-position-inside elementor-pagination-position-inside elementor-widget elementor-widget-slides\" data-id=\"d132ab8\" data-element_type=\"widget\" data-e-type=\"widget\" data-settings=\"{&quot;navigation&quot;:&quot;both&quot;,&quot;transition&quot;:&quot;slide&quot;,&quot;transition_speed&quot;:500,&quot;ekit_we_effect_on&quot;:&quot;none&quot;}\" data-widget_type=\"slides.default\">\n\t\t\t\t<div class=\"elementor-widget-container\">\n\t\t\t\t\t\t\t<div class=\"elementor-swiper\">\n\t\t\t<div class=\"elementor-slides-wrapper elementor-main-swiper swiper-container\" dir=\"ltr\" data-animation=\"fadeInUp\">\n\t\t\t\t<div class=\"swiper-wrapper elementor-slides\">\n\t\t\t\t\t\t\t\t\t\t<div class=\"elementor-repeater-item-dc8b7fc swiper-slide\"><div class=\"swiper-slide-bg\" role=\"img\"><\/div><div class=\"elementor-background-overlay\"><\/div><a class=\"swiper-slide-inner\" href=\"#\"><div class=\"swiper-slide-contents\"><div class=\"elementor-slide-heading\">A common goal.<br \/> <span class=\"bold white\">Many hearts involved.<\/span><\/div><\/div><\/a><\/div>\t\t\t\t<\/div>\n\t\t\t\t\t\t\t<\/div>\n\t\t<\/div>\n\t\t\t\t\t\t<\/div>\n\t\t\t\t<\/div>\n\t\t\t\t\t<\/div>\n\t\t<\/div>\n\t\t\t\t\t<\/div>\n\t\t<\/section>\n\t\t\t\t<section class=\"elementor-section elementor-top-section elementor-element elementor-element-7e2f14a elementor-section-boxed elementor-section-height-default elementor-section-height-default\" data-id=\"7e2f14a\" data-element_type=\"section\" data-e-type=\"section\" data-settings=\"{&quot;ekit_has_onepagescroll_dot&quot;:&quot;yes&quot;}\">\n\t\t\t\t\t\t<div class=\"elementor-container elementor-column-gap-default\">\n\t\t\t\t\t<div class=\"elementor-column elementor-col-33 elementor-top-column elementor-element elementor-element-8133e80\" data-id=\"8133e80\" data-element_type=\"column\" data-e-type=\"column\">\n\t\t\t<div class=\"elementor-widget-wrap elementor-element-populated\">\n\t\t\t\t\t\t<div class=\"elementor-element elementor-element-cdc1e12 elementor-widget elementor-widget-spacer\" data-id=\"cdc1e12\" data-element_type=\"widget\" data-e-type=\"widget\" data-settings=\"{&quot;ekit_we_effect_on&quot;:&quot;none&quot;}\" data-widget_type=\"spacer.default\">\n\t\t\t\t<div class=\"elementor-widget-container\">\n\t\t\t\t\t\t\t<div class=\"elementor-spacer\">\n\t\t\t<div class=\"elementor-spacer-inner\"><\/div>\n\t\t<\/div>\n\t\t\t\t\t\t<\/div>\n\t\t\t\t<\/div>\n\t\t\t\t<div class=\"elementor-element elementor-element-bd89ea6 elementor-widget elementor-widget-heading\" data-id=\"bd89ea6\" data-element_type=\"widget\" data-e-type=\"widget\" data-settings=\"{&quot;ekit_we_effect_on&quot;:&quot;none&quot;}\" data-widget_type=\"heading.default\">\n\t\t\t\t<div class=\"elementor-widget-container\">\n\t\t\t\t\t<h2 class=\"elementor-heading-title elementor-size-default\">Speak<br \/><span class=\"bold\">with us<\/h2>\t\t\t\t<\/div>\n\t\t\t\t<\/div>\n\t\t\t\t<div class=\"elementor-element elementor-element-b336d8b elementor-widget elementor-widget-text-editor\" data-id=\"b336d8b\" data-element_type=\"widget\" data-e-type=\"widget\" data-settings=\"{&quot;ekit_we_effect_on&quot;:&quot;none&quot;}\" data-widget_type=\"text-editor.default\">\n\t\t\t\t<div class=\"elementor-widget-container\">\n\t\t\t\t\t\t\t\t\t<p>Fill out the form on the side to contact us.<\/p>\t\t\t\t\t\t\t\t<\/div>\n\t\t\t\t<\/div>\n\t\t\t\t<div class=\"elementor-element elementor-element-abb5018 elementor-shape-circle e-grid-align-left elementor-grid-0 elementor-widget elementor-widget-social-icons\" data-id=\"abb5018\" data-element_type=\"widget\" data-e-type=\"widget\" data-settings=\"{&quot;ekit_we_effect_on&quot;:&quot;none&quot;}\" data-widget_type=\"social-icons.default\">\n\t\t\t\t<div class=\"elementor-widget-container\">\n\t\t\t\t\t\t\t<div class=\"elementor-social-icons-wrapper elementor-grid\" role=\"list\">\n\t\t\t\t\t\t\t<span class=\"elementor-grid-item\" role=\"listitem\">\n\t\t\t\t\t<a class=\"elementor-icon elementor-social-icon elementor-social-icon-instagram elementor-repeater-item-5b6138f\" href=\"https:\/\/www.instagram.com\/novo_sertao\/?hl=en\" target=\"_blank\">\n\t\t\t\t\t\t<span class=\"elementor-screen-only\">Instagram<\/span>\n\t\t\t\t\t\t<i aria-hidden=\"true\" class=\"fab fa-instagram\"><\/i>\t\t\t\t\t<\/a>\n\t\t\t\t<\/span>\n\t\t\t\t\t\t\t<span class=\"elementor-grid-item\" role=\"listitem\">\n\t\t\t\t\t<a class=\"elementor-icon elementor-social-icon elementor-social-icon-facebook elementor-repeater-item-d2ceb0b\" href=\"https:\/\/www.facebook.com\/nvsertao\/\" target=\"_blank\">\n\t\t\t\t\t\t<span class=\"elementor-screen-only\">Facebook<\/span>\n\t\t\t\t\t\t<i aria-hidden=\"true\" class=\"fab fa-facebook\"><\/i>\t\t\t\t\t<\/a>\n\t\t\t\t<\/span>\n\t\t\t\t\t\t\t<span class=\"elementor-grid-item\" role=\"listitem\">\n\t\t\t\t\t<a class=\"elementor-icon elementor-social-icon elementor-social-icon-youtube elementor-repeater-item-f460210\" href=\"https:\/\/www.youtube.com\/c\/INSTITUTONOVOSERT\u00c3O\" target=\"_blank\">\n\t\t\t\t\t\t<span class=\"elementor-screen-only\">youtube<\/span>\n\t\t\t\t\t\t<i aria-hidden=\"true\" class=\"fab fa-youtube\"><\/i>\t\t\t\t\t<\/a>\n\t\t\t\t<\/span>\n\t\t\t\t\t\t\t<span class=\"elementor-grid-item\" role=\"listitem\">\n\t\t\t\t\t<a class=\"elementor-icon elementor-social-icon elementor-social-icon-linkedin elementor-repeater-item-ef9338f\" href=\"https:\/\/www.linkedin.com\/company\/instituto-novo-sert\u00e3o\/\" target=\"_blank\">\n\t\t\t\t\t\t<span class=\"elementor-screen-only\">Linkedin<\/span>\n\t\t\t\t\t\t<i aria-hidden=\"true\" class=\"fab fa-linkedin\"><\/i>\t\t\t\t\t<\/a>\n\t\t\t\t<\/span>\n\t\t\t\t\t<\/div>\n\t\t\t\t\t\t<\/div>\n\t\t\t\t<\/div>\n\t\t\t\t\t<\/div>\n\t\t<\/div>\n\t\t\t\t<div class=\"elementor-column elementor-col-66 elementor-top-column elementor-element elementor-element-e9a9b7f\" data-id=\"e9a9b7f\" data-element_type=\"column\" data-e-type=\"column\">\n\t\t\t<div class=\"elementor-widget-wrap elementor-element-populated\">\n\t\t\t\t\t\t<div class=\"elementor-element elementor-element-5d179a6 elementor-widget elementor-widget-shortcode\" data-id=\"5d179a6\" data-element_type=\"widget\" data-e-type=\"widget\" data-settings=\"{&quot;ekit_we_effect_on&quot;:&quot;none&quot;}\" data-widget_type=\"shortcode.default\">\n\t\t\t\t<div class=\"elementor-widget-container\">\n\t\t\t\t\t\t\t<div class=\"elementor-shortcode\"><script>(function() {\n\twindow.mc4wp = window.mc4wp || {\n\t\tlisteners: [],\n\t\tforms: {\n\t\t\ton: function(evt, cb) {\n\t\t\t\twindow.mc4wp.listeners.push(\n\t\t\t\t\t{\n\t\t\t\t\t\tevent   : evt,\n\t\t\t\t\t\tcallback: cb\n\t\t\t\t\t}\n\t\t\t\t);\n\t\t\t}\n\t\t}\n\t}\n})();\n<\/script><!-- Mailchimp for WordPress v4.10.8 - https:\/\/wordpress.org\/plugins\/mailchimp-for-wp\/ --><form id=\"mc4wp-form-1\" class=\"mc4wp-form mc4wp-form-3930 mc4wp-form-theme mc4wp-form-theme-dark\" method=\"post\" data-id=\"3930\" data-name=\"Newsletter\" action=\"\" ><div class=\"mc4wp-form-fields\"><p class=\"item wrap-field popup-col-50\">\r\n    <label>Your name<\/label>\r\n    <input type=\"text\" name=\"FNAME\" required=\"\">\r\n<\/p>\r\n<p class=\"footer-hidden popup-hidden\" data-explicacao=\"Esse campo pega a origem do cadastro\">\r\n    <label>Your Last Name<\/label>\r\n    <input type=\"text\" name=\"LNAME\" required=\"\">\r\n<\/p>\r\n\r\n<p class=\"item wrap-field popup-col-50\">\r\n\t<label>Your email<\/label>\r\n\t<input type=\"email\" name=\"EMAIL\" required=\"\" \/>\r\n<\/p>\r\n\r\n<p class=\"footer-hidden popup-hidden\">\r\n    <label>Tenho Interesse<\/label>\r\n    <label>\r\n        <input type=\"checkbox\" name=\"INTERESTS[fcb5007074][]\" value=\"c8113f9ad4\"\r\n        checked=\"true\"> <span>Just Receive Content<\/span>\r\n    <\/label>\r\n    <label>\r\n        <input type=\"checkbox\" name=\"INTERESTS[fcb5007074][]\" value=\"4c542c7b1c\"\r\n        checked=\"true\"> <span>Make Donation<\/span>\r\n    <\/label>\r\n    <label>\r\n        <input type=\"checkbox\" name=\"INTERESTS[fcb5007074][]\" value=\"8b13a520fa\"\r\n        checked=\"true\"> <span>Mobilization and Disclosures<\/span>\r\n    <\/label>\r\n    <label>\r\n        <input type=\"checkbox\" name=\"INTERESTS[fcb5007074][]\" value=\"575abce3d0\"\r\n        checked=\"true\"> <span>Make Partnership<\/span>\r\n    <\/label>\r\n    <label>\r\n        <input type=\"checkbox\" name=\"INTERESTS[fcb5007074][]\" value=\"de6c5b52ab\"\r\n        checked=\"true\"> <span>be a volunteer<\/span>\r\n    <\/label>\r\n    <label>\r\n        <input type=\"checkbox\" name=\"INTERESTS[fcb5007074][]\" value=\"5f2e7311d2\"\r\n        checked=\"true\"> <span>Others<\/span>\r\n    <\/label>\r\n<\/p>\r\n\r\n<p class=\"item wrap-button popup-col-100\">\r\n\t<input class=\"newsletter-form-submit\" type=\"submit\" value=\"Complete my registration\" \/>\r\n<\/p><\/div><label style=\"display: none !important;\">Leave this field empty if you're human: <input type=\"text\" name=\"_mc4wp_honeypot\" value=\"\" tabindex=\"-1\" autocomplete=\"off\" \/><\/label><input type=\"hidden\" name=\"_mc4wp_timestamp\" value=\"1776214344\" \/><input type=\"hidden\" name=\"_mc4wp_form_id\" value=\"3930\" \/><input type=\"hidden\" name=\"_mc4wp_form_element_id\" value=\"mc4wp-form-1\" \/><div class=\"mc4wp-response\"><\/div><input type=\"hidden\" name=\"trp-form-language\" value=\"en\"\/><\/form><!-- \/ Mailchimp for WordPress Plugin --><\/div>\n\t\t\t\t\t\t<\/div>\n\t\t\t\t<\/div>\n\t\t\t\t\t<\/div>\n\t\t<\/div>\n\t\t\t\t\t<\/div>\n\t\t<\/section>\n\t\t\t\t<\/div>","protected":false},"excerpt":{"rendered":"<p>Um objetivo em comum. Muitos cora\u00e7\u00f5es envolvidos. Faleconosco Preencha o formul\u00e1rio ao lado para entrar em contato conosco. Instagram Facebook Youtube Linkedin<\/p>","protected":false},"author":1,"featured_media":0,"parent":0,"menu_order":3,"comment_status":"closed","ping_status":"closed","template":"elementor_header_footer","meta":{"footnotes":""},"class_list":["post-3096","page","type-page","status-publish","hentry"],"yoast_head":"<!-- This site is optimized with the Yoast SEO plugin v27.4 - https:\/\/yoast.com\/product\/yoast-seo-wordpress\/ -->\n<title>Contato - Novo Sert\u00e3o<\/title>\n<meta name=\"robots\" content=\"index, follow, max-snippet:-1, max-image-preview:large, max-video-preview:-1\" \/>\n<link rel=\"canonical\" href=\"https:\/\/www.novosertao.org.br\/en\/contato\/\" \/>\n<meta name=\"twitter:card\" content=\"summary_large_image\" \/>\n<meta name=\"twitter:title\" content=\"Contato - Novo Sert\u00e3o\" \/>\n<meta name=\"twitter:description\" content=\"Um objetivo em comum. Muitos cora\u00e7\u00f5es envolvidos. Faleconosco Preencha o formul\u00e1rio ao lado para entrar em contato conosco. Instagram Facebook Youtube Linkedin\" \/>\n<meta name=\"twitter:label1\" content=\"Est. reading time\" \/>\n\t<meta name=\"twitter:data1\" content=\"1 minute\" \/>\n<script type=\"application\/ld+json\" class=\"yoast-schema-graph\">{\"@context\":\"https:\\\/\\\/schema.org\",\"@graph\":[{\"@type\":\"WebPage\",\"@id\":\"https:\\\/\\\/www.novosertao.org.br\\\/contato\\\/\",\"url\":\"https:\\\/\\\/www.novosertao.org.br\\\/contato\\\/\",\"name\":\"Contato - Novo Sert\u00e3o\",\"isPartOf\":{\"@id\":\"https:\\\/\\\/www.novosertao.org.br\\\/#website\"},\"datePublished\":\"2022-10-24T01:00:29+00:00\",\"dateModified\":\"2023-09-10T19:33:52+00:00\",\"breadcrumb\":{\"@id\":\"https:\\\/\\\/www.novosertao.org.br\\\/contato\\\/#breadcrumb\"},\"inLanguage\":\"en-US\",\"potentialAction\":[{\"@type\":\"ReadAction\",\"target\":[\"https:\\\/\\\/www.novosertao.org.br\\\/contato\\\/\"]}]},{\"@type\":\"BreadcrumbList\",\"@id\":\"https:\\\/\\\/www.novosertao.org.br\\\/contato\\\/#breadcrumb\",\"itemListElement\":[{\"@type\":\"ListItem\",\"position\":1,\"name\":\"In\u00edcio\",\"item\":\"https:\\\/\\\/www.novosertao.org.br\\\/\"},{\"@type\":\"ListItem\",\"position\":2,\"name\":\"Contato\"}]},{\"@type\":\"WebSite\",\"@id\":\"https:\\\/\\\/www.novosertao.org.br\\\/#website\",\"url\":\"https:\\\/\\\/www.novosertao.org.br\\\/\",\"name\":\"Novo Sert\u00e3o\",\"description\":\"Juntos pelo Sert\u00e3o\",\"publisher\":{\"@id\":\"https:\\\/\\\/www.novosertao.org.br\\\/#organization\"},\"potentialAction\":[{\"@type\":\"SearchAction\",\"target\":{\"@type\":\"EntryPoint\",\"urlTemplate\":\"https:\\\/\\\/www.novosertao.org.br\\\/?s={search_term_string}\"},\"query-input\":{\"@type\":\"PropertyValueSpecification\",\"valueRequired\":true,\"valueName\":\"search_term_string\"}}],\"inLanguage\":\"en-US\"},{\"@type\":\"Organization\",\"@id\":\"https:\\\/\\\/www.novosertao.org.br\\\/#organization\",\"name\":\"Novo Sert\u00e3o\",\"url\":\"https:\\\/\\\/www.novosertao.org.br\\\/\",\"logo\":{\"@type\":\"ImageObject\",\"inLanguage\":\"en-US\",\"@id\":\"https:\\\/\\\/www.novosertao.org.br\\\/#\\\/schema\\\/logo\\\/image\\\/\",\"url\":\"https:\\\/\\\/www.novosertao.org.br\\\/wp-content\\\/uploads\\\/2022\\\/04\\\/logo-header.png\",\"contentUrl\":\"https:\\\/\\\/www.novosertao.org.br\\\/wp-content\\\/uploads\\\/2022\\\/04\\\/logo-header.png\",\"width\":242,\"height\":86,\"caption\":\"Novo Sert\u00e3o\"},\"image\":{\"@id\":\"https:\\\/\\\/www.novosertao.org.br\\\/#\\\/schema\\\/logo\\\/image\\\/\"},\"sameAs\":[\"https:\\\/\\\/www.facebook.com\\\/nvsertao\\\/\",\"https:\\\/\\\/www.instagram.com\\\/novo_sertao\\\/\",\"https:\\\/\\\/www.youtube.com\\\/c\\\/INSTITUTONOVOSERTO\",\"https:\\\/\\\/www.linkedin.com\\\/company\\\/instituto-novo-serto\\\/\"]}]}<\/script>\n<!-- \/ Yoast SEO plugin. -->","yoast_head_json":{"title":"Contato - Novo Sert\u00e3o","robots":{"index":"index","follow":"follow","max-snippet":"max-snippet:-1","max-image-preview":"max-image-preview:large","max-video-preview":"max-video-preview:-1"},"canonical":"https:\/\/www.novosertao.org.br\/en\/contato\/","twitter_card":"summary_large_image","twitter_title":"Contato - Novo Sert\u00e3o","twitter_description":"Um objetivo em comum. Muitos cora\u00e7\u00f5es envolvidos. Faleconosco Preencha o formul\u00e1rio ao lado para entrar em contato conosco. Instagram Facebook Youtube Linkedin","twitter_misc":{"Est. reading time":"1 minute"},"schema":{"@context":"https:\/\/schema.org","@graph":[{"@type":"WebPage","@id":"https:\/\/www.novosertao.org.br\/contato\/","url":"https:\/\/www.novosertao.org.br\/contato\/","name":"Contato - Novo Sert\u00e3o","isPartOf":{"@id":"https:\/\/www.novosertao.org.br\/#website"},"datePublished":"2022-10-24T01:00:29+00:00","dateModified":"2023-09-10T19:33:52+00:00","breadcrumb":{"@id":"https:\/\/www.novosertao.org.br\/contato\/#breadcrumb"},"inLanguage":"en-US","potentialAction":[{"@type":"ReadAction","target":["https:\/\/www.novosertao.org.br\/contato\/"]}]},{"@type":"BreadcrumbList","@id":"https:\/\/www.novosertao.org.br\/contato\/#breadcrumb","itemListElement":[{"@type":"ListItem","position":1,"name":"In\u00edcio","item":"https:\/\/www.novosertao.org.br\/"},{"@type":"ListItem","position":2,"name":"Contato"}]},{"@type":"WebSite","@id":"https:\/\/www.novosertao.org.br\/#website","url":"https:\/\/www.novosertao.org.br\/","name":"New Sert\u00e3o","description":"Together for the Sert\u00e3o","publisher":{"@id":"https:\/\/www.novosertao.org.br\/#organization"},"potentialAction":[{"@type":"SearchAction","target":{"@type":"EntryPoint","urlTemplate":"https:\/\/www.novosertao.org.br\/?s={search_term_string}"},"query-input":{"@type":"PropertyValueSpecification","valueRequired":true,"valueName":"search_term_string"}}],"inLanguage":"en-US"},{"@type":"Organization","@id":"https:\/\/www.novosertao.org.br\/#organization","name":"New Sert\u00e3o","url":"https:\/\/www.novosertao.org.br\/","logo":{"@type":"ImageObject","inLanguage":"en-US","@id":"https:\/\/www.novosertao.org.br\/#\/schema\/logo\/image\/","url":"https:\/\/www.novosertao.org.br\/wp-content\/uploads\/2022\/04\/logo-header.png","contentUrl":"https:\/\/www.novosertao.org.br\/wp-content\/uploads\/2022\/04\/logo-header.png","width":242,"height":86,"caption":"Novo Sert\u00e3o"},"image":{"@id":"https:\/\/www.novosertao.org.br\/#\/schema\/logo\/image\/"},"sameAs":["https:\/\/www.facebook.com\/nvsertao\/","https:\/\/www.instagram.com\/novo_sertao\/","https:\/\/www.youtube.com\/c\/INSTITUTONOVOSERTO","https:\/\/www.linkedin.com\/company\/instituto-novo-serto\/"]}]}},"_links":{"self":[{"href":"https:\/\/www.novosertao.org.br\/en\/wp-json\/wp\/v2\/pages\/3096","targetHints":{"allow":["GET"]}}],"collection":[{"href":"https:\/\/www.novosertao.org.br\/en\/wp-json\/wp\/v2\/pages"}],"about":[{"href":"https:\/\/www.novosertao.org.br\/en\/wp-json\/wp\/v2\/types\/page"}],"author":[{"embeddable":true,"href":"https:\/\/www.novosertao.org.br\/en\/wp-json\/wp\/v2\/users\/1"}],"replies":[{"embeddable":true,"href":"https:\/\/www.novosertao.org.br\/en\/wp-json\/wp\/v2\/comments?post=3096"}],"version-history":[{"count":0,"href":"https:\/\/www.novosertao.org.br\/en\/wp-json\/wp\/v2\/pages\/3096\/revisions"}],"wp:attachment":[{"href":"https:\/\/www.novosertao.org.br\/en\/wp-json\/wp\/v2\/media?parent=3096"}],"curies":[{"name":"wp","href":"https:\/\/api.w.org\/{rel}","templated":true}]}}