{"id":2990,"date":"2022-09-02T00:08:50","date_gmt":"2022-09-02T03:08:50","guid":{"rendered":"http:\/\/novosertao.web10f03.kinghost.net\/?page_id=2990"},"modified":"2023-09-10T16:32:54","modified_gmt":"2023-09-10T19:32:54","slug":"cadastre-se","status":"publish","type":"page","link":"https:\/\/www.novosertao.org.br\/en\/cadastre-se\/","title":{"rendered":"Register"},"content":{"rendered":"<div data-elementor-type=\"wp-page\" data-elementor-id=\"2990\" class=\"elementor elementor-2990\" data-elementor-post-type=\"page\">\n\t\t\t\t\t\t<section class=\"elementor-section elementor-top-section elementor-element elementor-element-7f6b501 elementor-section-full_width elementor-section-height-default elementor-section-height-default\" data-id=\"7f6b501\" data-element_type=\"section\" data-e-type=\"section\" data-settings=\"{&quot;ekit_has_onepagescroll_dot&quot;:&quot;yes&quot;}\">\n\t\t\t\t\t\t<div class=\"elementor-container elementor-column-gap-no\">\n\t\t\t\t\t<div class=\"elementor-column elementor-col-100 elementor-top-column elementor-element elementor-element-20ec1a4\" data-id=\"20ec1a4\" data-element_type=\"column\" data-e-type=\"column\">\n\t\t\t<div class=\"elementor-widget-wrap elementor-element-populated\">\n\t\t\t\t\t\t<div class=\"elementor-element elementor-element-ac635ac elementor--v-position-bottom elementor--h-position-center elementor-arrows-position-inside elementor-pagination-position-inside elementor-widget elementor-widget-slides\" data-id=\"ac635ac\" data-element_type=\"widget\" data-e-type=\"widget\" data-settings=\"{&quot;navigation&quot;:&quot;both&quot;,&quot;transition&quot;:&quot;slide&quot;,&quot;transition_speed&quot;:500,&quot;ekit_we_effect_on&quot;:&quot;none&quot;}\" data-widget_type=\"slides.default\">\n\t\t\t\t<div class=\"elementor-widget-container\">\n\t\t\t\t\t\t\t<div class=\"elementor-swiper\">\n\t\t\t<div class=\"elementor-slides-wrapper elementor-main-swiper swiper-container\" dir=\"ltr\" data-animation=\"fadeInUp\">\n\t\t\t\t<div class=\"swiper-wrapper elementor-slides\">\n\t\t\t\t\t\t\t\t\t\t<div class=\"elementor-repeater-item-dc8b7fc swiper-slide\"><div class=\"swiper-slide-bg\" role=\"img\"><\/div><div class=\"elementor-background-overlay\"><\/div><a class=\"swiper-slide-inner\" href=\"#\"><div class=\"swiper-slide-contents\"><div class=\"elementor-slide-heading\"><p style=\"margin-bottom: 0px;\"><span class=\"bold white\">Register<\/span><\/div><\/div><\/a><\/div>\t\t\t\t<\/div>\n\t\t\t\t\t\t\t<\/div>\n\t\t<\/div>\n\t\t\t\t\t\t<\/div>\n\t\t\t\t<\/div>\n\t\t\t\t\t<\/div>\n\t\t<\/div>\n\t\t\t\t\t<\/div>\n\t\t<\/section>\n\t\t\t\t<section class=\"elementor-section elementor-top-section elementor-element elementor-element-3bf81de elementor-section-content-middle elementor-section-boxed elementor-section-height-default elementor-section-height-default\" data-id=\"3bf81de\" data-element_type=\"section\" data-e-type=\"section\" data-settings=\"{&quot;ekit_has_onepagescroll_dot&quot;:&quot;yes&quot;}\">\n\t\t\t\t\t\t<div class=\"elementor-container elementor-column-gap-default\">\n\t\t\t\t\t<div class=\"elementor-column elementor-col-100 elementor-top-column elementor-element elementor-element-0989e12\" data-id=\"0989e12\" data-element_type=\"column\" data-e-type=\"column\">\n\t\t\t<div class=\"elementor-widget-wrap elementor-element-populated\">\n\t\t\t\t\t\t<div class=\"elementor-element elementor-element-95fe105 elementor-widget elementor-widget-heading\" data-id=\"95fe105\" data-element_type=\"widget\" data-e-type=\"widget\" data-settings=\"{&quot;ekit_we_effect_on&quot;:&quot;none&quot;}\" data-widget_type=\"heading.default\">\n\t\t\t\t<div class=\"elementor-widget-container\">\n\t\t\t\t\t<h2 class=\"elementor-heading-title elementor-size-default\">Sign up for<br \/><span class=\"bold\">receive our news<\/h2>\t\t\t\t<\/div>\n\t\t\t\t<\/div>\n\t\t\t\t<div class=\"elementor-element elementor-element-5bb4b28 elementor-widget elementor-widget-text-editor\" data-id=\"5bb4b28\" data-element_type=\"widget\" data-e-type=\"widget\" data-settings=\"{&quot;ekit_we_effect_on&quot;:&quot;none&quot;}\" data-widget_type=\"text-editor.default\">\n\t\t\t\t<div class=\"elementor-widget-container\">\n\t\t\t\t\t\t\t\t\t<p>Fill out the form below and stay up to date <span class=\"bold\">everything that happens in the Sert\u00e3o.<\/span><\/p>\t\t\t\t\t\t\t\t<\/div>\n\t\t\t\t<\/div>\n\t\t\t\t<div class=\"elementor-element elementor-element-c8f7adb elementor-widget elementor-widget-shortcode\" data-id=\"c8f7adb\" data-element_type=\"widget\" data-e-type=\"widget\" data-settings=\"{&quot;ekit_we_effect_on&quot;:&quot;none&quot;}\" data-widget_type=\"shortcode.default\">\n\t\t\t\t<div class=\"elementor-widget-container\">\n\t\t\t\t\t\t\t<div class=\"elementor-shortcode\"><script>(function() {\n\twindow.mc4wp = window.mc4wp || {\n\t\tlisteners: [],\n\t\tforms: {\n\t\t\ton: function(evt, cb) {\n\t\t\t\twindow.mc4wp.listeners.push(\n\t\t\t\t\t{\n\t\t\t\t\t\tevent   : evt,\n\t\t\t\t\t\tcallback: cb\n\t\t\t\t\t}\n\t\t\t\t);\n\t\t\t}\n\t\t}\n\t}\n})();\n<\/script><!-- Mailchimp for WordPress v4.10.8 - https:\/\/wordpress.org\/plugins\/mailchimp-for-wp\/ --><form id=\"mc4wp-form-1\" class=\"mc4wp-form mc4wp-form-3930 mc4wp-form-theme mc4wp-form-theme-dark\" method=\"post\" data-id=\"3930\" data-name=\"Newsletter\" action=\"\" ><div class=\"mc4wp-form-fields\"><p class=\"item wrap-field popup-col-50\">\r\n    <label>Your name<\/label>\r\n    <input type=\"text\" name=\"FNAME\" required=\"\">\r\n<\/p>\r\n<p class=\"footer-hidden popup-hidden\" data-explicacao=\"Esse campo pega a origem do cadastro\">\r\n    <label>Your Last Name<\/label>\r\n    <input type=\"text\" name=\"LNAME\" required=\"\">\r\n<\/p>\r\n\r\n<p class=\"item wrap-field popup-col-50\">\r\n\t<label>Your email<\/label>\r\n\t<input type=\"email\" name=\"EMAIL\" required=\"\" \/>\r\n<\/p>\r\n\r\n<p class=\"footer-hidden popup-hidden\">\r\n    <label>Tenho Interesse<\/label>\r\n    <label>\r\n        <input type=\"checkbox\" name=\"INTERESTS[fcb5007074][]\" value=\"c8113f9ad4\"\r\n        checked=\"true\"> <span>Just Receive Content<\/span>\r\n    <\/label>\r\n    <label>\r\n        <input type=\"checkbox\" name=\"INTERESTS[fcb5007074][]\" value=\"4c542c7b1c\"\r\n        checked=\"true\"> <span>Make Donation<\/span>\r\n    <\/label>\r\n    <label>\r\n        <input type=\"checkbox\" name=\"INTERESTS[fcb5007074][]\" value=\"8b13a520fa\"\r\n        checked=\"true\"> <span>Mobilization and Disclosures<\/span>\r\n    <\/label>\r\n    <label>\r\n        <input type=\"checkbox\" name=\"INTERESTS[fcb5007074][]\" value=\"575abce3d0\"\r\n        checked=\"true\"> <span>Make Partnership<\/span>\r\n    <\/label>\r\n    <label>\r\n        <input type=\"checkbox\" name=\"INTERESTS[fcb5007074][]\" value=\"de6c5b52ab\"\r\n        checked=\"true\"> <span>be a volunteer<\/span>\r\n    <\/label>\r\n    <label>\r\n        <input type=\"checkbox\" name=\"INTERESTS[fcb5007074][]\" value=\"5f2e7311d2\"\r\n        checked=\"true\"> <span>Others<\/span>\r\n    <\/label>\r\n<\/p>\r\n\r\n<p class=\"item wrap-button popup-col-100\">\r\n\t<input class=\"newsletter-form-submit\" type=\"submit\" value=\"Complete my registration\" \/>\r\n<\/p><\/div><label style=\"display: none !important;\">Leave this field empty if you're human: <input type=\"text\" name=\"_mc4wp_honeypot\" value=\"\" tabindex=\"-1\" autocomplete=\"off\" \/><\/label><input type=\"hidden\" name=\"_mc4wp_timestamp\" value=\"1778805290\" \/><input type=\"hidden\" name=\"_mc4wp_form_id\" value=\"3930\" \/><input type=\"hidden\" name=\"_mc4wp_form_element_id\" value=\"mc4wp-form-1\" \/><div class=\"mc4wp-response\"><\/div><input type=\"hidden\" name=\"trp-form-language\" value=\"en\"\/><\/form><!-- \/ Mailchimp for WordPress Plugin --><\/div>\n\t\t\t\t\t\t<\/div>\n\t\t\t\t<\/div>\n\t\t\t\t<div class=\"elementor-element elementor-element-54cf0f2 elementor-hidden-desktop elementor-hidden-tablet elementor-hidden-mobile elementor-widget elementor-widget-html\" data-id=\"54cf0f2\" data-element_type=\"widget\" data-e-type=\"widget\" data-settings=\"{&quot;ekit_we_effect_on&quot;:&quot;none&quot;}\" data-widget_type=\"html.default\">\n\t\t\t\t<div class=\"elementor-widget-container\">\n\t\t\t\t\t<div class=\"form-style-5\">\n\t\t\t<form name=\"main\" action=\"https:\/\/webto.salesforce.com\/servlet\/servlet.WebToLead?encoding=UTF-8\" method=\"POST\">\n\n\t\t\t\t<input type=\"hidden\" name=\"oid\" value=\"00D8c000000ecOV\">\n\t\t\t\t<input type=\"hidden\" name=\"retURL\" id=\"retURL\">\n\t\t\t\t\n\t\t\t\t<!-- https:\/\/institutonovoserto--dev--c.visualforce.com\/apex\/NVS_LeadComplementaryInformation?core.apexpages.request.devconsole=1 -->\n\n\t\t\t\t<fieldset>\n\t\t\t\t\t<div>\n\t\t\t\t\t\t<img decoding=\"async\" class=\"image\" src=\"NvSertao_logo.png\" alt=\"\">\n\t\t\t\t\t\t<div>\n\n\t\t\t\t\t\t\t<legend><span class=\"number\">1<\/span>Novo Sert\u00e3o Institute<\/legend>\n\n\t\t\t\t\t\t\t<label for=\"first_name\"><span style=\"color: red;\">*<\/span>Name<\/label><input required\n\t\t\t\t\t\t\t\tid=\"first_name\" maxlength=\"40\" name=\"first_name\" size=\"20\" type=\"text\" \/><br>\n\n\t\t\t\t\t\t\t<label for=\"last_name\"><span style=\"color: red;\">*<\/span>Last name<\/label><input required\n\t\t\t\t\t\t\t\tid=\"last_name\" maxlength=\"80\" name=\"last_name\" size=\"20\" type=\"text\" \/><br>\n\n\t\t\t\t\t\t\t<label for=\"email\"><span style=\"color: red;\">*<\/span> Email<\/label><input\n\t\t\t\t\t\t\t\tplaceholder=\"example_email@yahoo.com\" required id=\"email\" maxlength=\"80\" name=\"email\"\n\t\t\t\t\t\t\t\tsize=\"20\" type=\"text\" onblur=\"verifyEmail()\" \/><br>\n\t\t\t\t\t\t\t<p id=\"message\" style=\"margin-top: -29px;\"><\/p>\n\t\t\t\t\t\t\t<!--<div id=\"message\"><\/div> -->\n\n\n\t\t\t\t\t\t\tArea of interest:<select onchange=\"myFunctionShowHide()\" id=\"00N8c00000ggiWj\" name=\"00N8c00000ggiWj\" title=\"Area of interest\"><option value=\"Apenas Receber Conte\u00fado\">Just Receive Content<\/option>\n\t\t\t\t\t\t\t\t<option value=\"Fazer Doa\u00e7\u00e3o\">Make Donation<\/option>\n\t\t\t\t\t\t\t\t<option value=\"Mobiliza\u00e7\u00e3o e Divulga\u00e7\u00f5es\">Mobilization and Disclosures<\/option>\n\t\t\t\t\t\t\t\t<option value=\"Realizar Parceria\">Make Partnership<\/option>\n\t\t\t\t\t\t\t\t<option value=\"Ser Volunt\u00e1rio\">be a volunteer<\/option>\n\t\t\t\t\t\t\t\t<option value=\"Outros\">Others<\/option>\n\t\t\t\t\t\t\t\t<\/select><br>\n\n\n\n\t\t\t\t\t\t\t<div class=\"Interesses\">\n\t\t\t\t\t\t\t\tDo you have other areas of interest?:<select onchange=\"myFunction()\" id=\"00N8c00000ggiX9\"\n\t\t\t\t\t\t\t\t\tname=\"00N8c00000ggiX9\" title=\"Do you have other areas of interest?\">\n\t\t\t\t\t\t\t\t\t<option value=\"N\u00e3o\">No<\/option>\n\t\t\t\t\t\t\t\t\t<option value=\"Sim\">Yea<\/option>\n\t\t\t\t\t\t\t\t<\/select><br>\n\t\t\t\t\t\t\t<\/div>\n\n\t\t\t\t\t\t\t<div class=\"source\" hidden>\n\t\t\t\t\t\t\t\t<label for=\"lead_source\">Lead Source<\/label>\n\t\t\t\t\t\t\t\t<select  id=\"lead_source\" name=\"lead_source\">\n\t\t\t\t\t\t\t\t\t<option selected value=\"Site\">site<\/option>\n\t\t\t\t\t\t\t\t\t<option value=\"Instagram\">Instagram<\/option>\n\t\t\t\t\t\t\t\t\t<option value=\"Facebook\">Facebook<\/option>\n\t\t\t\t\t\t\t\t\t<option value=\"Whatsapp\">Whatsapp<\/option>\n\t\t\t\t\t\t\t\t\t<option value=\"Outros\">Others<\/option>\n\t\t\t\t\t\t\t\t<\/select><br>\n\t\t\t\t\t\t\t<\/div>\n\n\t\t\t\t\t\t\t<div class=\"Options\">\n\t\t\t\t\t\t\t\t<div>Which?:<\/div>\n\t\t\t\t\t\t\t\t<label class=\"checkboxes-general\">\n\t\t\t\t\t\t\t\t\tDonation:<input style=\"margin-left: 36px;\" id=\"00N8c00000ggiWx\" name=\"00N8c00000ggiWx\"\n\t\t\t\t\t\t\t\t\t\ttype=\"checkbox\" value=\"1\" \/><br>\n\n\t\t\t\t\t\t\t\t\tVolunteering:<input id=\"00N8c00000ggiX2\" name=\"00N8c00000ggiX2\" type=\"checkbox\"\n\t\t\t\t\t\t\t\t\t\tvalue=\"1\" \/><br>\n\n\t\t\t\t\t\t\t\t\tPartnership:<input style=\"margin-left: 33px;\" id=\"00N8c00000ggiX1\" name=\"00N8c00000ggiX1\"\n\t\t\t\t\t\t\t\t\t\ttype=\"checkbox\" value=\"1\" \/><br>\n\n\t\t\t\t\t\t\t\t\tMobilization|Disclosure:<input id=\"00N8c00000ggiWy\" name=\"00N8c00000ggiWy\"\n\t\t\t\t\t\t\t\t\t\ttype=\"checkbox\" value=\"1\" \/><br>\n\n\n\t\t\t\t\t\t\t\t<\/label>\n\t\t\t\t\t\t\t<\/div>\n\n\t\t\t\t\t\t\t<input type=\"submit\" name=\"submit\" value=\"Submit Form\" onclick=\"submitFunction(this.form)\">\n\n\t\t\t\t<\/fieldset>\n\t\t\t<\/form>\n\t\t<\/div>\n\t<\/body>\n\n\t<script>\n\n\t\tfunction myFunction() {\n\t\t\tresult = document.getElementById(\"00N8c00000ggiX9\").value;\n\t\t\tconsole.log('RESULTADO:   ', result);\n\t\t\tif (result == \"N\u00e3o\") {\n\t\t\t\tdocument.getElementsByClassName(\"Options\")[0].style.display = 'none';\n\t\t\t} else {\n\t\t\t\tdocument.getElementsByClassName(\"Options\")[0].style.display = 'block';\n\t\t\t}\n\t\t\treturn showOption;\n\t\t}\n\n\t\tfunction myFunctionShowHide() {\n\t\t\tresult = document.getElementById(\"00N8c00000ggiWj\").value;\n\t\t\tif (result != \"Apenas Receber Conte\u00fado\") {\n\t\t\t\tdocument.getElementsByClassName(\"Interesses\")[0].style.display = 'block';\n\t\t\t} else {\n\t\t\t\tdocument.getElementsByClassName(\"Interesses\")[0].style.display = 'none';\n\t\t\t}\n\t\t}\n\n\t\tfunction verifyEmail() {\n\t\t\tfield = document.getElementById(\"email\");\n\n\t\t\tuser = field.value.substring(0, field.value.indexOf(\"@\"));\n\t\t\tdomain = field.value.substring(field.value.indexOf(\"@\") + 1, field.value.length);\n\n\t\t\tif ((user.length >= 1) &&\n\t\t\t\t(domain.length >= 3) &&\n\t\t\t\t(user.search(\"@\") == -1) &&\n\t\t\t\t(domain.search(\"@\") == -1) &&\n\t\t\t\t(user.search(\" \") == -1) &&\n\t\t\t\t(domain.search(\" \") == -1) &&\n\t\t\t\t(domain.search(\".\") != -1) &&\n\t\t\t\t(domain.indexOf(\".\") >= 1) &&\n\t\t\t\t(domain.lastIndexOf(\".\") < domain.length - 1)) {\n\t\t\t}\n\t\t\telse {\n\t\t\t\tdocument.getElementById(\"message\").innerHTML = \"<font color='red'>E-mail inv\u00e1lido <\/font>\";\n\t\t\t\talert(\"E-mail invalido\");\n\t\t\t\tfield.value = null;\n\t\t\t}\n\t\t}\n\n\n\n\t\tfunction submitFunction(form) {\n\t\t\tconsole.log('ENTROU NA FUNCAO');\n\t\t\t\n\t\t\tvar urlToRedirect = \"https:\/\/institutonovosertao.force.com\/institutolongevidade\/apex\/NVS_LeadComplementaryInformation?\";\n\t\t\tvar email = document.getElementById(\"email\").value;\n\t\t\tvar areaInteresse = document.getElementById(\"00N8c00000ggiWj\").value;\n\t\t\tconsole.log('email', email);\n\t\t\tconsole.log('areaInteresse', areaInteresse);\n\t\t\t\n\t\t\turlToRedirect += 'email=' + encodeURIComponent(email) + '&areadeinteresse=' + encodeURIComponent(areaInteresse);\n\t\t\tconsole.log('urlToRedirect', urlToRedirect);\n\n\t\t\t\/\/ pra pegar o decode disso ai decodeURIComponent(string)\n\t\t\t\n\t\t\tdocument.getElementById(\"retURL\").value = urlToRedirect;\n\n\n\t\t\tform.submit();\n\t\t\t\n\t\t}\n\n\n\t<\/script>\t\t\t\t<\/div>\n\t\t\t\t<\/div>\n\t\t\t\t\t<\/div>\n\t\t<\/div>\n\t\t\t\t\t<\/div>\n\t\t<\/section>\n\t\t\t\t<\/div>","protected":false},"excerpt":{"rendered":"<p>Cadastre-se Cadastre-se parareceber nossas novidades Preencha o formul\u00e1rio abaixo e fique por dentro de tudo que acontece no Sert\u00e3o. 1Instituto Novo Sert\u00e3o *Nome *Sobrenome * Email \u00c1rea de Interesse:Apenas Receber Conte\u00fadoFazer Doa\u00e7\u00e3oMobiliza\u00e7\u00e3o e Divulga\u00e7\u00f5esRealizar ParceriaSer Volunt\u00e1rioOutros Tem Outras \u00c1reas de Interesse?:N\u00e3oSim Lead Source SiteInstagramFacebookWhatsappOutros Quais?: Doa\u00e7\u00e3o: Voluntariado: Parceria: Mobiliza\u00e7\u00e3o|Divulga\u00e7\u00e3o:<\/p>","protected":false},"author":1,"featured_media":0,"parent":0,"menu_order":2,"comment_status":"closed","ping_status":"closed","template":"elementor_header_footer","meta":{"footnotes":""},"class_list":["post-2990","page","type-page","status-publish","hentry"],"yoast_head":"<!-- This site is optimized with the Yoast SEO plugin v27.6 - https:\/\/yoast.com\/product\/yoast-seo-wordpress\/ -->\n<title>Cadastre-se - Novo Sert\u00e3o<\/title>\n<meta name=\"robots\" content=\"index, follow, max-snippet:-1, max-image-preview:large, max-video-preview:-1\" \/>\n<link rel=\"canonical\" href=\"https:\/\/www.novosertao.org.br\/en\/cadastre-se\/\" \/>\n<meta name=\"twitter:card\" content=\"summary_large_image\" \/>\n<meta name=\"twitter:title\" content=\"Cadastre-se - Novo Sert\u00e3o\" \/>\n<meta name=\"twitter:description\" content=\"Cadastre-se Cadastre-se parareceber nossas novidades Preencha o formul\u00e1rio abaixo e fique por dentro de tudo que acontece no Sert\u00e3o. 1Instituto Novo Sert\u00e3o *Nome *Sobrenome * Email \u00c1rea de Interesse:Apenas Receber Conte\u00fadoFazer Doa\u00e7\u00e3oMobiliza\u00e7\u00e3o e Divulga\u00e7\u00f5esRealizar ParceriaSer Volunt\u00e1rioOutros Tem Outras \u00c1reas de Interesse?:N\u00e3oSim Lead Source SiteInstagramFacebookWhatsappOutros Quais?: Doa\u00e7\u00e3o: Voluntariado: Parceria: Mobiliza\u00e7\u00e3o|Divulga\u00e7\u00e3o:\" \/>\n<meta name=\"twitter:label1\" content=\"Est. reading time\" \/>\n\t<meta name=\"twitter:data1\" content=\"1 minute\" \/>\n<script type=\"application\/ld+json\" class=\"yoast-schema-graph\">{\"@context\":\"https:\\\/\\\/schema.org\",\"@graph\":[{\"@type\":\"WebPage\",\"@id\":\"https:\\\/\\\/www.novosertao.org.br\\\/cadastre-se\\\/\",\"url\":\"https:\\\/\\\/www.novosertao.org.br\\\/cadastre-se\\\/\",\"name\":\"Cadastre-se - Novo Sert\u00e3o\",\"isPartOf\":{\"@id\":\"https:\\\/\\\/www.novosertao.org.br\\\/#website\"},\"datePublished\":\"2022-09-02T03:08:50+00:00\",\"dateModified\":\"2023-09-10T19:32:54+00:00\",\"breadcrumb\":{\"@id\":\"https:\\\/\\\/www.novosertao.org.br\\\/cadastre-se\\\/#breadcrumb\"},\"inLanguage\":\"en-US\",\"potentialAction\":[{\"@type\":\"ReadAction\",\"target\":[\"https:\\\/\\\/www.novosertao.org.br\\\/cadastre-se\\\/\"]}]},{\"@type\":\"BreadcrumbList\",\"@id\":\"https:\\\/\\\/www.novosertao.org.br\\\/cadastre-se\\\/#breadcrumb\",\"itemListElement\":[{\"@type\":\"ListItem\",\"position\":1,\"name\":\"In\u00edcio\",\"item\":\"https:\\\/\\\/www.novosertao.org.br\\\/\"},{\"@type\":\"ListItem\",\"position\":2,\"name\":\"Cadastre-se\"}]},{\"@type\":\"WebSite\",\"@id\":\"https:\\\/\\\/www.novosertao.org.br\\\/#website\",\"url\":\"https:\\\/\\\/www.novosertao.org.br\\\/\",\"name\":\"Novo Sert\u00e3o\",\"description\":\"Juntos pelo Sert\u00e3o\",\"publisher\":{\"@id\":\"https:\\\/\\\/www.novosertao.org.br\\\/#organization\"},\"potentialAction\":[{\"@type\":\"SearchAction\",\"target\":{\"@type\":\"EntryPoint\",\"urlTemplate\":\"https:\\\/\\\/www.novosertao.org.br\\\/?s={search_term_string}\"},\"query-input\":{\"@type\":\"PropertyValueSpecification\",\"valueRequired\":true,\"valueName\":\"search_term_string\"}}],\"inLanguage\":\"en-US\"},{\"@type\":\"Organization\",\"@id\":\"https:\\\/\\\/www.novosertao.org.br\\\/#organization\",\"name\":\"Novo Sert\u00e3o\",\"url\":\"https:\\\/\\\/www.novosertao.org.br\\\/\",\"logo\":{\"@type\":\"ImageObject\",\"inLanguage\":\"en-US\",\"@id\":\"https:\\\/\\\/www.novosertao.org.br\\\/#\\\/schema\\\/logo\\\/image\\\/\",\"url\":\"https:\\\/\\\/www.novosertao.org.br\\\/wp-content\\\/uploads\\\/2022\\\/04\\\/logo-header.png\",\"contentUrl\":\"https:\\\/\\\/www.novosertao.org.br\\\/wp-content\\\/uploads\\\/2022\\\/04\\\/logo-header.png\",\"width\":242,\"height\":86,\"caption\":\"Novo Sert\u00e3o\"},\"image\":{\"@id\":\"https:\\\/\\\/www.novosertao.org.br\\\/#\\\/schema\\\/logo\\\/image\\\/\"},\"sameAs\":[\"https:\\\/\\\/www.facebook.com\\\/nvsertao\\\/\",\"https:\\\/\\\/www.instagram.com\\\/novo_sertao\\\/\",\"https:\\\/\\\/www.youtube.com\\\/c\\\/INSTITUTONOVOSERTO\",\"https:\\\/\\\/www.linkedin.com\\\/company\\\/instituto-novo-serto\\\/\"]}]}<\/script>\n<!-- \/ Yoast SEO plugin. -->","yoast_head_json":{"title":"Cadastre-se - Novo Sert\u00e3o","robots":{"index":"index","follow":"follow","max-snippet":"max-snippet:-1","max-image-preview":"max-image-preview:large","max-video-preview":"max-video-preview:-1"},"canonical":"https:\/\/www.novosertao.org.br\/en\/cadastre-se\/","twitter_card":"summary_large_image","twitter_title":"Cadastre-se - Novo Sert\u00e3o","twitter_description":"Cadastre-se Cadastre-se parareceber nossas novidades Preencha o formul\u00e1rio abaixo e fique por dentro de tudo que acontece no Sert\u00e3o. 1Instituto Novo Sert\u00e3o *Nome *Sobrenome * Email \u00c1rea de Interesse:Apenas Receber Conte\u00fadoFazer Doa\u00e7\u00e3oMobiliza\u00e7\u00e3o e Divulga\u00e7\u00f5esRealizar ParceriaSer Volunt\u00e1rioOutros Tem Outras \u00c1reas de Interesse?:N\u00e3oSim Lead Source SiteInstagramFacebookWhatsappOutros Quais?: Doa\u00e7\u00e3o: Voluntariado: Parceria: Mobiliza\u00e7\u00e3o|Divulga\u00e7\u00e3o:","twitter_misc":{"Est. reading time":"1 minute"},"schema":{"@context":"https:\/\/schema.org","@graph":[{"@type":"WebPage","@id":"https:\/\/www.novosertao.org.br\/cadastre-se\/","url":"https:\/\/www.novosertao.org.br\/cadastre-se\/","name":"Cadastre-se - Novo Sert\u00e3o","isPartOf":{"@id":"https:\/\/www.novosertao.org.br\/#website"},"datePublished":"2022-09-02T03:08:50+00:00","dateModified":"2023-09-10T19:32:54+00:00","breadcrumb":{"@id":"https:\/\/www.novosertao.org.br\/cadastre-se\/#breadcrumb"},"inLanguage":"en-US","potentialAction":[{"@type":"ReadAction","target":["https:\/\/www.novosertao.org.br\/cadastre-se\/"]}]},{"@type":"BreadcrumbList","@id":"https:\/\/www.novosertao.org.br\/cadastre-se\/#breadcrumb","itemListElement":[{"@type":"ListItem","position":1,"name":"In\u00edcio","item":"https:\/\/www.novosertao.org.br\/"},{"@type":"ListItem","position":2,"name":"Cadastre-se"}]},{"@type":"WebSite","@id":"https:\/\/www.novosertao.org.br\/#website","url":"https:\/\/www.novosertao.org.br\/","name":"New Sert\u00e3o","description":"Together for the Sert\u00e3o","publisher":{"@id":"https:\/\/www.novosertao.org.br\/#organization"},"potentialAction":[{"@type":"SearchAction","target":{"@type":"EntryPoint","urlTemplate":"https:\/\/www.novosertao.org.br\/?s={search_term_string}"},"query-input":{"@type":"PropertyValueSpecification","valueRequired":true,"valueName":"search_term_string"}}],"inLanguage":"en-US"},{"@type":"Organization","@id":"https:\/\/www.novosertao.org.br\/#organization","name":"New Sert\u00e3o","url":"https:\/\/www.novosertao.org.br\/","logo":{"@type":"ImageObject","inLanguage":"en-US","@id":"https:\/\/www.novosertao.org.br\/#\/schema\/logo\/image\/","url":"https:\/\/www.novosertao.org.br\/wp-content\/uploads\/2022\/04\/logo-header.png","contentUrl":"https:\/\/www.novosertao.org.br\/wp-content\/uploads\/2022\/04\/logo-header.png","width":242,"height":86,"caption":"Novo Sert\u00e3o"},"image":{"@id":"https:\/\/www.novosertao.org.br\/#\/schema\/logo\/image\/"},"sameAs":["https:\/\/www.facebook.com\/nvsertao\/","https:\/\/www.instagram.com\/novo_sertao\/","https:\/\/www.youtube.com\/c\/INSTITUTONOVOSERTO","https:\/\/www.linkedin.com\/company\/instituto-novo-serto\/"]}]}},"_links":{"self":[{"href":"https:\/\/www.novosertao.org.br\/en\/wp-json\/wp\/v2\/pages\/2990","targetHints":{"allow":["GET"]}}],"collection":[{"href":"https:\/\/www.novosertao.org.br\/en\/wp-json\/wp\/v2\/pages"}],"about":[{"href":"https:\/\/www.novosertao.org.br\/en\/wp-json\/wp\/v2\/types\/page"}],"author":[{"embeddable":true,"href":"https:\/\/www.novosertao.org.br\/en\/wp-json\/wp\/v2\/users\/1"}],"replies":[{"embeddable":true,"href":"https:\/\/www.novosertao.org.br\/en\/wp-json\/wp\/v2\/comments?post=2990"}],"version-history":[{"count":0,"href":"https:\/\/www.novosertao.org.br\/en\/wp-json\/wp\/v2\/pages\/2990\/revisions"}],"wp:attachment":[{"href":"https:\/\/www.novosertao.org.br\/en\/wp-json\/wp\/v2\/media?parent=2990"}],"curies":[{"name":"wp","href":"https:\/\/api.w.org\/{rel}","templated":true}]}}